{"id":443,"date":"2015-09-07T21:28:28","date_gmt":"2015-09-07T19:28:28","guid":{"rendered":"https:\/\/www.parroquiaclaret.org\/grupos-parroquiales"},"modified":"2015-09-08T20:57:08","modified_gmt":"2015-09-08T18:57:08","slug":"grupos-parroquiales","status":"publish","type":"page","link":"https:\/\/www.parroquiaclaret.org\/?page_id=443","title":{"rendered":"Grupos Parroquiales"},"content":{"rendered":"<table>\n<tbody>\n<tr>\n<td>\n<h2 style=\"text-align: center;\">Parroquia San Antonio Mar\u00eda Claret de Sevilla<br \/>\nGrupos de vida y crecimiento en la fe<\/h2>\n<\/td>\n<\/tr>\n<tr>\n<td>\n<table style=\"height: 710px;\" width=\"921\">\n<tbody>\n<tr>\n<td>\n<h3>Grupo<\/h3>\n<\/td>\n<td>\n<h3>En qu\u00e9 consiste<\/h3>\n<\/td>\n<td>\n<h3>Cu\u00e1ndo se re\u00fanen<\/h3>\n<\/td>\n<\/tr>\n<tr>\n<td><strong>Seglares Claretianos<\/strong><\/td>\n<td>Comunidades cuyo ideario es la vocaci\u00f3n seglar, la espiritualidad claretiana y la transformaci\u00f3n de la realidad en que viven<\/td>\n<td>Fundamentalmente los domingos y lunes por la tarde<\/td>\n<\/tr>\n<tr>\n<td><strong>Renovaci\u00f3n Carism\u00e1tica<\/strong><\/td>\n<td>Vivencia de la fe a trav\u00e9s de la formaci\u00f3n, la alabanza, la adoraci\u00f3n, la intercesi\u00f3n y la evangelizaci\u00f3n<\/td>\n<td>Todos los martes a las 18 h<\/td>\n<\/tr>\n<tr>\n<td><strong>C\u00e1ritas y Conferencias de San Vicente<\/strong><\/td>\n<td>Grupos de promoci\u00f3n y ayuda a los necesitados. Sensibilizar a toda la Parroquia<\/td>\n<td>\n<p>C\u00e1ritas: Lunes, 19:30 h<\/p>\n<p>CSV: Martes, 17:30 h<\/td>\n<\/tr>\n<tr>\n<td><strong>Comunidades Neocatecumenales<\/strong><\/td>\n<td>Itinerario de formaci\u00f3n cat\u00f3lica para redescubrir el bautismo y su implicaci\u00f3n en la vida<\/td>\n<td>Martes o Mi\u00e9rcoles a las 21 h<\/td>\n<\/tr>\n<tr>\n<td><strong>Catequistas y APJs<\/strong><\/td>\n<td>Transmitir y educar a los ni\u00f1os y j\u00f3venes en la vida cristiana<\/td>\n<td>Mi\u00e9rcoles y viernes a partir de las 17 h<\/td>\n<\/tr>\n<tr>\n<td><strong>Grupo X-Heli\u00f3polis de Scouts Cat\u00f3licos<\/strong><\/td>\n<td>Educaci\u00f3n en el tiempo libre a ni\u00f1os y j\u00f3venes (6-19 a\u00f1os)<\/td>\n<td>S\u00e1bados de 10:00 a 13:30 h<\/td>\n<\/tr>\n<tr>\n<td><strong>Pastoral de la Salud<\/strong><\/td>\n<td>Visitar y acompa\u00f1ar a los enfermos en sus hogares<\/td>\n<td>Segundos mi\u00e9rcoles de cada mes, a las 18:15 h<\/td>\n<\/tr>\n<tr>\n<td><strong>Archicofrad\u00eda<\/strong><\/td>\n<td>Asociaci\u00f3n de fieles laicos que, desde el culto a sus Titulares y la pr\u00e1ctica de la caridad, viven la espiritualidad misionera y cordimariana<\/td>\n<td>De lunes a jueves de 20:30 a 22:00 h en la Casa Hermandad<\/td>\n<\/tr>\n<tr>\n<td><strong>Asambleas Familiares<\/strong><\/td>\n<td>Grupos de vecinos, que se re\u00fanen en una casa y comparten y maduran la fe<\/td>\n<td>Una vez al mes, a la hora que decide cada asamblea<\/td>\n<\/tr>\n<tr>\n<td><strong>Liturgia y Coro Parroquial<\/strong><\/td>\n<td>Preparan la liturgia dominical y la sirven a la Comunidad<\/td>\n<td>Un mi\u00e9rcoles cada quince d\u00edas, a las 17:30 h<\/td>\n<\/tr>\n<\/tbody>\n<\/table>\n<\/td>\n<\/tr>\n<\/tbody>\n<\/table>\n<div>\n<div style=\"padding-left: 30px; text-align: center;\"><strong><em>\u00a0\u00bfQuieres vivir tu fe en alg\u00fan grupo parroquial?<\/em><\/strong><\/div>\n<div style=\"padding-left: 30px; text-align: center;\"><strong><em>\u00bfVives tu fe en alg\u00fan grupo y quer\u00e9is participar en la vida parroquial?<\/em><\/strong><\/div>\n<div style=\"padding-left: 30px; text-align: center;\"><strong><em>\u00a1Aqu\u00ed tienes tu casa!<\/em><\/strong><\/div>\n<\/div>\n<div style=\"float: right;\"><\/div>\n","protected":false},"excerpt":{"rendered":"<p>Parroquia San Antonio Mar\u00eda Claret de Sevilla Grupos de vida y crecimiento en la fe Grupo En qu\u00e9 consiste Cu\u00e1ndo se re\u00fanen Seglares Claretianos Comunidades cuyo ideario es la vocaci\u00f3n seglar, la espiritualidad claretiana y la transformaci\u00f3n de la realidad en que viven Fundamentalmente los domingos y lunes por la tarde Renovaci\u00f3n Carism\u00e1tica Vivencia de [&hellip;]<\/p>\n","protected":false},"author":1,"featured_media":0,"parent":0,"menu_order":0,"comment_status":"closed","ping_status":"closed","template":"page-c.php","meta":{"footnotes":""},"class_list":["post-443","page","type-page","status-publish","hentry"],"_links":{"self":[{"href":"https:\/\/www.parroquiaclaret.org\/index.php?rest_route=\/wp\/v2\/pages\/443","targetHints":{"allow":["GET"]}}],"collection":[{"href":"https:\/\/www.parroquiaclaret.org\/index.php?rest_route=\/wp\/v2\/pages"}],"about":[{"href":"https:\/\/www.parroquiaclaret.org\/index.php?rest_route=\/wp\/v2\/types\/page"}],"author":[{"embeddable":true,"href":"https:\/\/www.parroquiaclaret.org\/index.php?rest_route=\/wp\/v2\/users\/1"}],"replies":[{"embeddable":true,"href":"https:\/\/www.parroquiaclaret.org\/index.php?rest_route=%2Fwp%2Fv2%2Fcomments&post=443"}],"version-history":[{"count":18,"href":"https:\/\/www.parroquiaclaret.org\/index.php?rest_route=\/wp\/v2\/pages\/443\/revisions"}],"predecessor-version":[{"id":461,"href":"https:\/\/www.parroquiaclaret.org\/index.php?rest_route=\/wp\/v2\/pages\/443\/revisions\/461"}],"wp:attachment":[{"href":"https:\/\/www.parroquiaclaret.org\/index.php?rest_route=%2Fwp%2Fv2%2Fmedia&parent=443"}],"curies":[{"name":"wp","href":"https:\/\/api.w.org\/{rel}","templated":true}]}}