{"id":3266,"date":"2024-10-24T16:40:36","date_gmt":"2024-10-24T14:40:36","guid":{"rendered":"https:\/\/www.parroquiaclaret.org\/?page_id=3266"},"modified":"2024-10-24T17:00:19","modified_gmt":"2024-10-24T15:00:19","slug":"equipo-sacerdotal-hasta-20240831-2","status":"publish","type":"page","link":"https:\/\/www.parroquiaclaret.org\/?page_id=3266","title":{"rendered":"Equipo Sacerdotal"},"content":{"rendered":"\n\n<div class=\"wp-block-image\">\n<figure class=\"alignleft size-full is-resized\"><a href=\"https:\/\/www.parroquiaclaret.org\/wp-content\/uploads\/2024\/10\/Juan-Antonio-Lamarca-2.jpg\"><img loading=\"lazy\" decoding=\"async\" width=\"700\" height=\"900\" src=\"https:\/\/www.parroquiaclaret.org\/wp-content\/uploads\/2024\/10\/Juan-Antonio-Lamarca-2.jpg\" alt=\"\" class=\"wp-image-3250\" style=\"width:197px;height:auto\" srcset=\"https:\/\/www.parroquiaclaret.org\/wp-content\/uploads\/2024\/10\/Juan-Antonio-Lamarca-2.jpg 700w, https:\/\/www.parroquiaclaret.org\/wp-content\/uploads\/2024\/10\/Juan-Antonio-Lamarca-2-233x300.jpg 233w\" sizes=\"auto, (max-width: 700px) 100vw, 700px\" \/><\/a><\/figure>\n<\/div>\n\n\n<h2 class=\"wp-block-heading\">Juan Antonio Lamarca Carrasco c.m.f.<\/h2>\n\n\n\n<p>Soy el P. Juan Antonio Lamarca Carrasco, misionero claretiano. Fui nombrado p\u00e1rroco de la Parroquia de San Antonio M\u00aa Claret de Sevilla en septiembre del 2018 por D. Juan Jos\u00e9 Asenjo Pelegrina, Arzobispo de Sevilla.<\/p>\n\n\n\n<p>Nac\u00ed en Villanueva del Arzobispo, un pueblo de la provincia de Ja\u00e9n, y en el seno de una familia cat\u00f3lica practicante. El cultivo de la fe ha estado muy presente en mi casa desde ni\u00f1o. A los tres a\u00f1os de nacer mi familia se traslad\u00f3 a M\u00e1laga por motivos laborales, y en la capital de la Costa del Sol me he criado, viviendo muy cerca de la Parroquia del Carmen, donde conoc\u00ed a los Misioneros del Inmaculado Coraz\u00f3n de Mar\u00eda. En esta parroquia recib\u00ed el sacramento de la Confirmaci\u00f3n, y a los veintid\u00f3s a\u00f1os de edad sent\u00ed con fuerza la llamada del Se\u00f1or. A pesar de mis resistencias iniciales, entr\u00e9 en el noviciado claretiano de Loja (Granada) el 8 de septiembre del 1989, d\u00eda de la natividad de la Virgen.<\/p>\n\n\n\n<p>Un a\u00f1o m\u00e1s tarde comenc\u00e9 los estudios de Teolog\u00eda en Granada; y el 16 de julio de 1991, d\u00eda de la Virgen del Carmen, hice la primera profesi\u00f3n religiosa. A los cuatro a\u00f1os, el 24 de octubre del 1995, hice la Profesi\u00f3n Perpetua. En esos momentos me encuentro reci\u00e9n destinado en Madrid donde realizo mis estudios de especializaci\u00f3n en Teolog\u00eda Espiritual en la Universidad de Comillas. El 29 de junio de 1996 recibo la ordenaci\u00f3n de di\u00e1cono de manos de D. Jos\u00e9 Mendez en la Iglesia del monasterio de los Jer\u00f3nimos de Granada, y en el mismo lugar y d\u00eda del a\u00f1o 1997 recibo la ordenaci\u00f3n de Presb\u00edtero de manos de D. Pedro Olmedo cmf, obispo de Humahuaca (Argentina).<\/p>\n\n\n\n<p>Tras la ordenaci\u00f3n soy destinado al Colegio Menor de Don Benito (Badajoz) como subdirector donde estoy un curso. En junio de 1998 mi destino recae en Sevilla en la comunidad que los Misioneros tenemos en la calle Lima (Heli\u00f3polis) como formador del CJC y Postulantado y servicios en el Colegio Claret. Durante estos a\u00f1os tengo la oportunidad de entrar en contacto con nuestra Parroquia en algunas celebraciones. En el 2002 soy destinado a Almendralejo (Badajoz) al Equipo de Misiones Populares; y durante este per\u00edodo tengo la dicha de celebrar una Semana Misionera en nuestra Parroquia. A los ocho a\u00f1os, en junio del 2010, soy destinado nuevamente al Colegio Claret de Don Benito para dedicarme a la Pastoral de Infantil y Primaria. Los caminos del Se\u00f1or me conducen en el a\u00f1o 2013 a la formaci\u00f3n de estudiantes y novicios claretianos en Granada.<\/p>\n\n\n\n<p>Y de la ciudad de la Alhambra nuevamente a la ciudad de la Giralda donde estoy a tu disposici\u00f3n para esta tarea que me encomienda la Iglesia de regir, ense\u00f1ar y santificar en el nombre del Se\u00f1or.<\/p>\n\n\n<div class=\"wp-block-image\">\n<figure class=\"alignleft size-full is-resized\"><a href=\"https:\/\/www.parroquiaclaret.org\/wp-content\/uploads\/2016\/10\/P-Eduardo-Moreno-20161027_135221.jpg\"><img loading=\"lazy\" decoding=\"async\" width=\"640\" height=\"640\" src=\"https:\/\/www.parroquiaclaret.org\/wp-content\/uploads\/2016\/10\/P-Eduardo-Moreno-20161027_135221.jpg\" alt=\"\" class=\"wp-image-729\" style=\"width:199px;height:auto\" srcset=\"https:\/\/www.parroquiaclaret.org\/wp-content\/uploads\/2016\/10\/P-Eduardo-Moreno-20161027_135221.jpg 640w, https:\/\/www.parroquiaclaret.org\/wp-content\/uploads\/2016\/10\/P-Eduardo-Moreno-20161027_135221-150x150.jpg 150w, https:\/\/www.parroquiaclaret.org\/wp-content\/uploads\/2016\/10\/P-Eduardo-Moreno-20161027_135221-300x300.jpg 300w, https:\/\/www.parroquiaclaret.org\/wp-content\/uploads\/2016\/10\/P-Eduardo-Moreno-20161027_135221-200x200.jpg 200w, https:\/\/www.parroquiaclaret.org\/wp-content\/uploads\/2016\/10\/P-Eduardo-Moreno-20161027_135221-400x400.jpg 400w\" sizes=\"auto, (max-width: 640px) 100vw, 640px\" \/><\/a><\/figure>\n<\/div>\n\n\n<h2 class=\"wp-block-heading\">Eduardo Moreno \u00c1lvarez c.m.f.<\/h2>\n\n\n\n<p><em>Conversamos con el P. Eduardo \u00c1lvarez Moreno, que est\u00e1 destinado en esta parroquia desde septiembre de 2014, y en la actualidad es el Vicario Parroquial.<\/em><\/p>\n\n\n\n<p><em>-\u00bfCu\u00e1l hab\u00eda sido su \u00faltimo destino antes de venir a la parroquia?<\/em><\/p>\n\n\n\n<p>Estaba en la Comunidad de Villablanca (Huelva), y all\u00ed era P\u00e1rroco de La Redondela y Pozo del Camino. En esa comunidad est\u00e1bamos varios p\u00e1rrocos en la modalidad de \u201csolidarios\u201d, que quiere decir que todos lo son de todos los pueblos, pero cada uno se encarga de alguno en concreto. Cuando se cerr\u00f3 esa comunidad, vine destinado a la parroquia de Sevilla.<\/p>\n\n\n\n<p><em>-\u00bfY el primero que tuvo como misionero claretiano?<\/em><\/p>\n\n\n\n<p>Me orden\u00e9 el 26 de junio del a\u00f1o 1977, y mi primer destino como Misionero Claretiano fue en el Colegio de Don Benito, donde era profesor y encargado del internado.<\/p>\n\n\n\n<p><em>-\u00bfEn cu\u00e1l de las facetas que ha tenido que desarrollar en su vida como Misionero Claretiano se ha sentido m\u00e1s realizado? (pastoral, misi\u00f3n, profesor\u2026)<\/em><\/p>\n\n\n\n<p>Donde me he sentido siempre m\u00e1s c\u00f3modo ha sido en el \u00e1mbito parroquial, aunque nunca me han desagradado las tareas de educaci\u00f3n en los colegios.<\/p>\n\n\n\n<p><em>-\u00bfHa estado destinado en m\u00e1s colegios, adem\u00e1s de en el de Don Benito?<\/em><\/p>\n\n\n\n<p>S\u00ed. Fui tambi\u00e9n profesor en un Instituto p\u00fablico de Granada. Creo que se llamaba Instituto Mixto de Cartuja. Tambi\u00e9n fui profesor de ingl\u00e9s en el Colegio Claretiano de Las Palmas al mismo tiempo que era P\u00e1rroco de Ntra Sra de F\u00e1tima en la Barriada de Pedro Hidalgo. Y por \u00faltimo en Niefang (Guinea Ecuatorial) donde era director del colegio y del internado que ten\u00edamos los misioneros claretianos. Ese destino lo desempe\u00f1\u00e9 despu\u00e9s de haber sido superior y p\u00e1rroco en la parroquia de Nuestra Se\u00f1ora de la Merced, en Ja\u00e9n capital.<\/p>\n\n\n\n<p><em>-\u00bfQu\u00e9 echa de menos de anteriores destinos?<\/em><\/p>\n\n\n\n<p>En alguna medida echo de menos la independencia que ten\u00eda siendo p\u00e1rroco, quiz\u00e1s por mi car\u00e1cter, porque soy muy independiente. Pero desde luego no estoy a disgusto en mi actual destino, y afortunadamente me llevo bien con el p\u00e1rroco. Adem\u00e1s, a medida que se van cumpliendo a\u00f1os (y ya voy a cumplir 67), se agradece no tener que cargar con responsabilidades y tener que estar tomado decisiones.<\/p>\n\n\n\n<p><em>-\u00bfQu\u00e9 cree que puede Vd. aportar de singular a esta parroquia?<\/em><\/p>\n\n\n\n<p>Podr\u00eda aportar mi experiencia en la direcci\u00f3n de grupos de oraci\u00f3n, y de estudios b\u00edblicos, actividades en las que me ha manejado bien en otros destinos. En 1982 acab\u00e9 la licenciatura en Teolog\u00eda B\u00edblica en Granada, estudios que me han proporcionado las herramientas necesarias para llevar estos grupos. Los estuve desarrollando en Extremadura (cursos b\u00edblicos adaptados al nivel de las personas que los formaban, y de otros temas de actualidad). Muchas personas creen que lo saben todo, pero siempre hay lugar para aprender.<\/p>\n\n\n\n<p><em>-Sabemos que ha estado en varios pa\u00edses y continentes; hoy en d\u00eda \u00bfes m\u00e1s f\u00e1cil ser \u201cprofeta en su tierra\u201d o evangelizar en otros lugares?<\/em><\/p>\n\n\n\n<p>Est\u00e9s donde est\u00e9s todas las parroquias son diferentes, porque est\u00e1n formadas por personas diferentes. En \u00c1frica, tambi\u00e9n fui p\u00e1rroco de 17 parroquias rurales al mismo tiempo, la diferencia all\u00ed es que la gente es muy agradecida, si te aprecian te lo dicen (y si no les gusta lo que haces tambi\u00e9n lo expresan), pero valoran lo que haces por ellos. Al empezar a estudia la lengua Fang, a los pocos meses celebr\u00e9 la misa en esta lengua, y los feligreses me hicieron una gran fiesta de agradecimiento. All\u00ed el idioma oficial era el espa\u00f1ol, y los ni\u00f1os en el colegio ten\u00edan tambi\u00e9n que hablar en espa\u00f1ol, y eso hac\u00eda muy dif\u00edcil aprender la lengua local, ten\u00eda que ser a ratos libres, no hab\u00eda profesores formados para ense\u00f1ar la lengua, y no era f\u00e1cil, hab\u00eda que aprender escuchando a la gente hablar y preguntando las dudas.<\/p>\n\n\n\n<p><em>-\u00bfCu\u00e1ntas lenguas ha tenido que aprender para atender sus diferentes destinos?<\/em><\/p>\n\n\n\n<p>Adem\u00e1s de chapurrear Fang, porque no puedo decir que lo llegara a hablar con correcci\u00f3n, perfeccion\u00e9 el Franc\u00e9s en los cinco a\u00f1os que estuve destinado en Par\u00eds (aunque ahora no tengo muchas oportunidades de practicarlo). All\u00ed estaba en la Parroquia de Lengua Espa\u00f1ola, una Parroquia encomendada a los claretianos, para atender a la poblaci\u00f3n de habla hispana, adem\u00e1s de a los dem\u00e1s feligreses de la zona. Estaba ubicada en un antiguo convento de padres carmelitas, que Espa\u00f1a (el rey posiblemente) le compr\u00f3 a Francia cuando expropi\u00f3 a las \u00f3rdenes religiosas de muchas de sus pertenencias. Pertenece al patrimonio del estado, y en la actualidad hay all\u00ed un colegio espa\u00f1ol.<\/p>\n\n\n\n<p>Mi otro destino en misiones fue en Venezuela, en la Parroquia San Antonio Mar\u00eda Claret, en Ciudad Guayana, San F\u00e9lix, con una poblaci\u00f3n con 70.000-80.000 habitantes, y cinco centros de culto, todos dependientes de la parroquia.<\/p>\n\n\n\n<p><em>-\u00bfEn qu\u00e9 aspectos piensa que esta parroquia, que al ser claretiana deber\u00eda ser misionera, deber\u00eda diferenciarse de otras?<\/em><\/p>\n\n\n\n<p>Todas las parroquias tienen un denominador com\u00fan, se fundamentan en tres pilares: fe, esperanza y caridad (correlacionados con Palabra, Sacramentos y Acci\u00f3n Caritativa). En las parroquias claretianas, est\u00e9n donde est\u00e9n, en lo que m\u00e1s se insiste es en la Palabra, a trav\u00e9s de la predicaci\u00f3n misionera, que incluye las catequesis de los distintos sacramentos y niveles de edad, grupos de fe, etc, muy de acuerdo con lo que hac\u00eda el P, Claret, y con lo recogido en las Constituciones. Para la acci\u00f3n caritativa nos apoyamos m\u00e1s en la ayuda de seglares, y los sacramentos se celebran con dignidad, pero sin demasiada ceremonia u ornato.<\/p>\n\n\n\n<p><em>-\u00bfHa tenido alg\u00fan destino que destacar\u00eda por lo singular?<\/em><\/p>\n\n\n\n<p>En Francia fui Delegado Nacional de la Emigraci\u00f3n Espa\u00f1ola en Francia, nombrado por la conferencia episcopal francesa y la conferencia episcopal espa\u00f1ola, adem\u00e1s de la autorizaci\u00f3n del Padre General. Mi cometido en ese cargo era animar la vida de fe de las distintas comunidades espa\u00f1olas en Francia, y cuidar que hubiese sacerdotes para esas comunidades. Durante ese per\u00edodo viaje por toda Europa (Alemania, B\u00e9lgica, Suiza\u2026) para reunirme con los otros Delegados nacionales, una actividad muy enriquecedora por el contacto con personas que hacen su trabajo en diferentes ambientes y pa\u00edses europeos.<\/p>\n\n\n\n<p><em>-\u00bfPodr\u00eda aplicar aqu\u00ed la experiencia adquirida en ese per\u00edodo?<\/em><\/p>\n\n\n\n<p>Ser\u00eda de provecho para cuidar de la emigraci\u00f3n cristiana aqu\u00ed, integrar a los cristianos de otros pa\u00edses en la iglesia. Para ello tienen que mantener su identidad de origen e ir conociendo la cultura de aqu\u00ed, para integrarse en ella conservando sus valores y su religiosidad de origen.<\/p>\n\n\n\n<p><em>Para finalizar, agradecemos al Padre Eduardo el tiempo que nos ha dedicado para esta entrevista, y tambi\u00e9n su disposici\u00f3n a aplicar su buen saber y experiencia al servicio de esta Parroquia Claret de Sevilla.<\/em><\/p>\n\n\n\n<p><strong><em>Isabel Paneque<\/em><\/strong><\/p>\n\n\n<div class=\"wp-block-image\">\n<figure class=\"alignleft size-full is-resized\"><a href=\"https:\/\/www.parroquiaclaret.org\/wp-content\/uploads\/2019\/09\/AmadorNu\u00f1ezVecino.png\"><img loading=\"lazy\" decoding=\"async\" width=\"300\" height=\"224\" src=\"https:\/\/www.parroquiaclaret.org\/wp-content\/uploads\/2019\/09\/AmadorNu\u00f1ezVecino.png\" alt=\"\" class=\"wp-image-1202\" style=\"width:201px;height:auto\"\/><\/a><\/figure>\n<\/div>\n\n\n<h2 class=\"wp-block-heading\">Ama<a href=\"https:\/\/www.parroquiaclaret.org\/equipo-sacerdotal\/amadornunezvecino\"><\/a>dor Nu\u00f1ez Vecino c.m.f.<\/h2>\n\n\n\n<p>Nac\u00ed en 1944 en Castrogonzalo (Zamora) en un pueblo ba\u00f1ado por el r\u00edo Esla y orientado a las amplias llanuras de la meseta castellana que han marcado mi vida.<\/p>\n\n\n\n<p>A los doce a\u00f1os sal\u00ed del pueblo con una pesada maleta de madera y ligero de equipaje para estudiar humanidades en los colegios internos que ten\u00edan los Misioneros Claretianos en San Mart\u00edn de Trevejo (C\u00e1ceres), Loja (Granada) y Zafra (Badajoz).<\/p>\n\n\n\n<p>El noviciado y la filosof\u00eda lo realic\u00e9 en Jerez de los Caballeros (Badajoz) entre libros, rezos y latines. Mi primer contacto con el mundo exterior fue en las Palmas de Gran Canaria en mi a\u00f1o de Maestrillo en el a\u00f1o 1965.<\/p>\n\n\n\n<p>La teolog\u00eda la hice en Salamanca en los a\u00f1os gloriosos de cambio, apertura y nuevos aires que nos llegaban de Europa en el mayo del 68. Salamanca marc\u00f3 el paso de la filosof\u00eda a la teolog\u00eda; del concilio de Trento al del Vaticano II; del lat\u00edn a la lengua vern\u00e1cula; de las luces tenues y opacas del campo a la luminosidad de la ciudad y a la clarividencia de maestros y doctores de una universidad que brillaba con luz propia como era Salamanca y su mundo estudiantil.<\/p>\n\n\n\n<p>Fui ordenado sacerdote en el a\u00f1o 1970 por el Cardenal Arturo Tabera, Claretiano que en sus primeros a\u00f1os de infancia sufri\u00f3 los mismos rigores clim\u00e1ticos y la misma educaci\u00f3n austera y cristiana de los pueblos de Castilla.<\/p>\n\n\n\n<p>En 1970 fui destinado a una nueva di\u00f3cesis reci\u00e9n erigida en la isla de Basilan al sur de Filipinas. Durante a\u00f1o y medio estudi\u00e9 ingl\u00e9s en Cambridge como preparaci\u00f3n a mi nuevo destino.<\/p>\n\n\n\n<p>En 1972 llegamos a Filipinas para realizar un trabajo evangelizador y de promoci\u00f3n integral con cristianos y musulmanes m\u00e1s al sur de la gran isla de Mindanao. Fueron los a\u00f1os de estreno de mi ministerio. Un trabajo duro y arriesgado por los conflictos armados que surgieron aquellos a\u00f1os donde los musulmanes ped\u00edan una rep\u00fablica mora independiente. Reflej\u00e9 estas experiencias en un librito sencillo titulado: El P. Chano, genio y figura.<\/p>\n\n\n\n<p>En 1983 regres\u00e9 a Espa\u00f1a. Los j\u00f3venes claretianos filipinos tomaron nuestro relevo y uno de ellos es el primer m\u00e1rtir claretiano en esas islas del Pac\u00edfico. Al d\u00eda de hoy el obispo de Basilan es otro claretiano filipino de la zona que acaba de ser consagrado.<\/p>\n\n\n\n<p>Ya en Espa\u00f1a comenc\u00e9 mi trabajo pastoral y misionero en la zona rural del Alto Almanzora en T\u00edjola (Almer\u00eda) durante nueve a\u00f1os. Otros nueve a\u00f1os estuve en Granada en la parroquia de la Paz, en una zona marginal de Cartuja.<br>En 2002, con otros dos compa\u00f1eros de la Provincia B\u00e9tica, pusimos en marcha una nueva misi\u00f3n en Zimbabue que est\u00e1 dando los primeros frutos vocacionales y sigue siendo el revulsivo que mantiene vivo nuestro esp\u00edritu misionero y claretiano.<\/p>\n\n\n\n<p>\u00daltimamente, de vuelta de Zimbabue, he pasado por la zona de Villablanca (Huelva) durante tres a\u00f1os, seis a\u00f1os en la parroquia del Carmen de M\u00e1laga y he pasado como de puntillas por Tenerife y Don Benito antes de recalar en Sevilla donde hab\u00eda asistido a reuniones, encuentros, Ejercicios, Cap\u00edtulos\u2026, pero nunca hab\u00eda sido destinado aqu\u00ed.<\/p>\n\n\n\n<p>En esta nueva etapa de profundizaci\u00f3n y serenidad quiero dar lo mejor de mi experiencia y de mi esp\u00edritu misionero a aquellas personas que Dios me ha dado como compa\u00f1eros de camino y hermanos en la fe.<br>Sevilla 15 de septiembre de 2019.<\/p>\n\n\n<div class=\"wp-block-image\">\n<figure class=\"alignleft size-full is-resized\"><a href=\"https:\/\/www.parroquiaclaret.org\/wp-content\/uploads\/2014\/04\/SantosCardoMadrid_small.jpg\"><img loading=\"lazy\" decoding=\"async\" width=\"322\" height=\"241\" src=\"https:\/\/www.parroquiaclaret.org\/wp-content\/uploads\/2014\/04\/SantosCardoMadrid_small.jpg\" alt=\"\" class=\"wp-image-118\" style=\"width:200px;height:auto\" srcset=\"https:\/\/www.parroquiaclaret.org\/wp-content\/uploads\/2014\/04\/SantosCardoMadrid_small.jpg 322w, https:\/\/www.parroquiaclaret.org\/wp-content\/uploads\/2014\/04\/SantosCardoMadrid_small-300x224.jpg 300w\" sizes=\"auto, (max-width: 322px) 100vw, 322px\" \/><\/a><\/figure>\n<\/div>\n\n\n<h2 class=\"wp-block-heading\">Santos Cardo Madrid c.m.f.<\/h2>\n\n\n\n<p>Naci\u00f3 el 4 de Abril de 1933 en Audanzas del Valle (Le\u00f3n).<br>Hizo su Primera Profesi\u00f3n religiosa como Claretiano el 15 de Agosto de 1951 en Jerez de los Caballeros (Badajoz).<br>Recibi\u00f3 la Ordenaci\u00f3n Sacerdotal en Salamanca el 25 de Junio de 1961.<br>El a\u00f1o 1962 fue destinado como profesor al Colegio Claret de las Palmas de G. Canaria.<br>El a\u00f1o 1968 se licenci\u00f3 en Filosof\u00eda en la Universidad Santo Tom\u00e1s de Aquino de Roma.<br>En 1969 volvi\u00f3 como profesor al Colegio de Las Palmas.<br>En 1974, al inaugurarse el Colegio de E. G. B. de Tamaraceite (Las Palmas) fue nombrado Director y Superior de la comunidad Claretiana.<br>En 1978 fue destinado al Colegio Claret de Sevilla. Durante 3 a\u00f1os fue Superior de la Comunidad.<br>En 1986 fue nombrado Director del Colegio de Tamaraceite y Superior de la comunidad.<br>En 1989 fue nombrado P\u00e1rroco de la Parroquia Coraz\u00f3n de Mar\u00eda de las Palmas.<br>En 1995 fue destinado a M\u00e1laga como P\u00e1rroco de N\u00aa S\u00aa del Carmen y Superiror de la Comunidad.<br>En 2001 fue nombrado Rector del Templo Coraz\u00f3n de Mar\u00eda de Almendralejo (Badajoz) y Superior de la Comunidad.<br>En 2010 fue destinado al equipo parroquial de la Parroquia San Antonio M\u00aa Claret de Sevilla.<\/p>\n\n\n\n<p><\/p>\n","protected":false},"excerpt":{"rendered":"<p>Juan Antonio Lamarca Carrasco c.m.f. Soy el P. Juan Antonio Lamarca Carrasco, misionero claretiano. Fui nombrado p\u00e1rroco de la Parroquia de San Antonio M\u00aa Claret de Sevilla en septiembre del 2018 por D. Juan Jos\u00e9 Asenjo Pelegrina, Arzobispo de Sevilla. Nac\u00ed en Villanueva del Arzobispo, un pueblo de la provincia de Ja\u00e9n, y en el [&hellip;]<\/p>\n","protected":false},"author":1,"featured_media":0,"parent":0,"menu_order":1,"comment_status":"closed","ping_status":"closed","template":"page-c.php","meta":{"footnotes":""},"class_list":["post-3266","page","type-page","status-publish","hentry"],"_links":{"self":[{"href":"https:\/\/www.parroquiaclaret.org\/index.php?rest_route=\/wp\/v2\/pages\/3266","targetHints":{"allow":["GET"]}}],"collection":[{"href":"https:\/\/www.parroquiaclaret.org\/index.php?rest_route=\/wp\/v2\/pages"}],"about":[{"href":"https:\/\/www.parroquiaclaret.org\/index.php?rest_route=\/wp\/v2\/types\/page"}],"author":[{"embeddable":true,"href":"https:\/\/www.parroquiaclaret.org\/index.php?rest_route=\/wp\/v2\/users\/1"}],"replies":[{"embeddable":true,"href":"https:\/\/www.parroquiaclaret.org\/index.php?rest_route=%2Fwp%2Fv2%2Fcomments&post=3266"}],"version-history":[{"count":7,"href":"https:\/\/www.parroquiaclaret.org\/index.php?rest_route=\/wp\/v2\/pages\/3266\/revisions"}],"predecessor-version":[{"id":3277,"href":"https:\/\/www.parroquiaclaret.org\/index.php?rest_route=\/wp\/v2\/pages\/3266\/revisions\/3277"}],"wp:attachment":[{"href":"https:\/\/www.parroquiaclaret.org\/index.php?rest_route=%2Fwp%2Fv2%2Fmedia&parent=3266"}],"curies":[{"name":"wp","href":"https:\/\/api.w.org\/{rel}","templated":true}]}}